{"id":3834,"date":"2023-04-13T11:13:22","date_gmt":"2023-04-13T14:13:22","guid":{"rendered":"https:\/\/www.bflagro.com\/website\/?page_id=3834"},"modified":"2025-10-08T18:41:28","modified_gmt":"2025-10-08T21:41:28","slug":"quem-somos","status":"publish","type":"page","link":"https:\/\/www.bflagro.com\/website\/en\/quem-somos\/","title":{"rendered":"About Us"},"content":{"rendered":"<div data-elementor-type=\"wp-page\" data-elementor-id=\"3834\" class=\"elementor elementor-3834\">\n\t\t\t\t\t\t\t\t\t<section data-dce-background-color=\"#046402E6\" data-dce-background-overlay-image-url=\"https:\/\/www.bflagro.com\/website\/wp-content\/uploads\/2023\/05\/soja4.jpg\" class=\"elementor-section elementor-top-section elementor-element elementor-element-289f28b elementor-section-full_width elementor-section-items-stretch elementor-section-height-min-height elementor-section-height-default\" data-id=\"289f28b\" data-element_type=\"section\" data-settings=\"{&quot;background_background&quot;:&quot;classic&quot;,&quot;_ha_eqh_enable&quot;:false}\">\n\t\t\t\t\t\t\t<div class=\"elementor-background-overlay\"><\/div>\n\t\t\t\t\t\t\t<div class=\"elementor-container elementor-column-gap-no\">\n\t\t\t\t\t<div class=\"elementor-column elementor-col-100 elementor-top-column elementor-element elementor-element-9231858\" data-id=\"9231858\" data-element_type=\"column\">\n\t\t\t<div class=\"elementor-widget-wrap elementor-element-populated\">\n\t\t\t\t\t\t\t\t<section class=\"elementor-section elementor-inner-section elementor-element elementor-element-b011ba1 elementor-section-height-min-height elementor-section-boxed elementor-section-height-default\" data-id=\"b011ba1\" data-element_type=\"section\" data-settings=\"{&quot;_ha_eqh_enable&quot;:false}\">\n\t\t\t\t\t\t<div class=\"elementor-container elementor-column-gap-default\">\n\t\t\t\t\t<div class=\"elementor-column elementor-col-100 elementor-inner-column elementor-element elementor-element-8c87e49\" data-id=\"8c87e49\" data-element_type=\"column\">\n\t\t\t<div class=\"elementor-widget-wrap elementor-element-populated\">\n\t\t\t\t\t\t\t\t<div class=\"elementor-element elementor-element-58b2927 elementor-widget elementor-widget-heading\" data-id=\"58b2927\" data-element_type=\"widget\" data-widget_type=\"heading.default\">\n\t\t\t\t<div class=\"elementor-widget-container\">\n\t\t\t<style>\/*! elementor - v3.12.1 - 02-04-2023 *\/\n.elementor-heading-title{padding:0;margin:0;line-height:1}.elementor-widget-heading .elementor-heading-title[class*=elementor-size-]>a{color:inherit;font-size:inherit;line-height:inherit}.elementor-widget-heading .elementor-heading-title.elementor-size-small{font-size:15px}.elementor-widget-heading .elementor-heading-title.elementor-size-medium{font-size:19px}.elementor-widget-heading .elementor-heading-title.elementor-size-large{font-size:29px}.elementor-widget-heading .elementor-heading-title.elementor-size-xl{font-size:39px}.elementor-widget-heading .elementor-heading-title.elementor-size-xxl{font-size:59px}<\/style><div class=\"elementor-heading-title elementor-size-default\">History, mission, objectives<\/div>\t\t<\/div>\n\t\t\t\t<\/div>\n\t\t\t\t<div class=\"elementor-element elementor-element-12c7f18 elementor-widget elementor-widget-heading\" data-id=\"12c7f18\" data-element_type=\"widget\" data-widget_type=\"heading.default\">\n\t\t\t\t<div class=\"elementor-widget-container\">\n\t\t\t<div class=\"elementor-heading-title elementor-size-default\">About Us<\/div>\t\t<\/div>\n\t\t\t\t<\/div>\n\t\t\t\t\t<\/div>\n\t\t<\/div>\n\t\t\t\t\t\t\t<\/div>\n\t\t<\/section>\n\t\t\t\t\t<\/div>\n\t\t<\/div>\n\t\t\t\t\t\t\t<\/div>\n\t\t<\/section>\n\t\t\t\t<section class=\"elementor-section elementor-top-section elementor-element elementor-element-75f1c10 elementor-section-full_width elementor-hidden-mobile elementor-section-height-default elementor-section-height-default\" data-id=\"75f1c10\" data-element_type=\"section\" data-settings=\"{&quot;_ha_eqh_enable&quot;:false}\">\n\t\t\t\t\t\t<div class=\"elementor-container elementor-column-gap-default\">\n\t\t\t\t\t<div class=\"elementor-column elementor-col-100 elementor-top-column elementor-element elementor-element-8e292b1\" data-id=\"8e292b1\" data-element_type=\"column\">\n\t\t\t<div class=\"elementor-widget-wrap elementor-element-populated\">\n\t\t\t\t\t\t\t\t<div class=\"elementor-element elementor-element-912e30d uael-ins-perpetua elementor-widget elementor-widget-uael-image-gallery\" data-id=\"912e30d\" data-element_type=\"widget\" data-settings=\"{&quot;justified_margin_tablet&quot;:{&quot;unit&quot;:&quot;px&quot;,&quot;size&quot;:1,&quot;sizes&quot;:[]},&quot;justified_margin&quot;:{&quot;unit&quot;:&quot;px&quot;,&quot;size&quot;:3,&quot;sizes&quot;:[]},&quot;justified_margin_laptop&quot;:{&quot;unit&quot;:&quot;px&quot;,&quot;size&quot;:&quot;&quot;,&quot;sizes&quot;:[]},&quot;justified_margin_mobile&quot;:{&quot;unit&quot;:&quot;px&quot;,&quot;size&quot;:&quot;&quot;,&quot;sizes&quot;:[]}}\" data-widget_type=\"uael-image-gallery.default\">\n\t\t\t\t<div class=\"elementor-widget-container\">\n\t\t\t<div class=\"uael-gallery-parent uael-caption-\"><div class=\"uael-img-gallery-wrap uael-img-justified-wrap uael-img-grid-masonry-wrap uael-image-lightbox-wrap\" data-filter-default=\"All\" data-rowheight=\"180\" data-lastrow=\"hide\" data-lightbox_actions=\"[&quot;close&quot;]\" data-lightbox-gallery-loop=\"\"><div class=\"uael-grid-item\"><div class=\"uael-grid-item-content\"><a class=\"uael-grid-img uael-grid-gallery-img uael-ins-hover elementor-clickable\" data-fancybox=\"uael-gallery\" href=\"https:\/\/www.bflagro.com\/website\/wp-content\/uploads\/2023\/05\/IMG-20220802-WA0046.jpg\" data-elementor-open-lightbox=\"no\"><div class=\"uael-grid-img-thumbnail uael-ins-target\"><img decoding=\"async\" width=\"300\" height=\"169\" src=\"https:\/\/www.bflagro.com\/website\/wp-content\/uploads\/2023\/05\/IMG-20220802-WA0046-300x169.jpg\" class=\"attachment-medium size-medium wp-image-5630\" alt=\"\" loading=\"lazy\" srcset=\"https:\/\/www.bflagro.com\/website\/wp-content\/uploads\/2023\/05\/IMG-20220802-WA0046-300x169.jpg 300w, https:\/\/www.bflagro.com\/website\/wp-content\/uploads\/2023\/05\/IMG-20220802-WA0046-1024x576.jpg 1024w, https:\/\/www.bflagro.com\/website\/wp-content\/uploads\/2023\/05\/IMG-20220802-WA0046-768x432.jpg 768w, https:\/\/www.bflagro.com\/website\/wp-content\/uploads\/2023\/05\/IMG-20220802-WA0046-1536x864.jpg 1536w, https:\/\/www.bflagro.com\/website\/wp-content\/uploads\/2023\/05\/IMG-20220802-WA0046-18x10.jpg 18w, https:\/\/www.bflagro.com\/website\/wp-content\/uploads\/2023\/05\/IMG-20220802-WA0046.jpg 1599w\" sizes=\"(max-width: 300px) 100vw, 300px\" \/><\/div><div class=\"uael-grid-img-overlay\"><\/div><\/a><\/div><\/div><div class=\"uael-grid-item\"><div class=\"uael-grid-item-content\"><a class=\"uael-grid-img uael-grid-gallery-img uael-ins-hover elementor-clickable\" data-fancybox=\"uael-gallery\" href=\"https:\/\/www.bflagro.com\/website\/wp-content\/uploads\/2023\/05\/pic1_1280.jpg\" data-elementor-open-lightbox=\"no\"><div class=\"uael-grid-img-thumbnail uael-ins-target\"><img decoding=\"async\" width=\"300\" height=\"169\" src=\"https:\/\/www.bflagro.com\/website\/wp-content\/uploads\/2023\/05\/pic1_1280-300x169.jpg\" class=\"attachment-medium size-medium wp-image-5635\" alt=\"\" loading=\"lazy\" srcset=\"https:\/\/www.bflagro.com\/website\/wp-content\/uploads\/2023\/05\/pic1_1280-300x169.jpg 300w, https:\/\/www.bflagro.com\/website\/wp-content\/uploads\/2023\/05\/pic1_1280-1024x576.jpg 1024w, https:\/\/www.bflagro.com\/website\/wp-content\/uploads\/2023\/05\/pic1_1280-768x432.jpg 768w, https:\/\/www.bflagro.com\/website\/wp-content\/uploads\/2023\/05\/pic1_1280-18x10.jpg 18w, https:\/\/www.bflagro.com\/website\/wp-content\/uploads\/2023\/05\/pic1_1280.jpg 1280w\" sizes=\"(max-width: 300px) 100vw, 300px\" \/><\/div><div class=\"uael-grid-img-overlay\"><\/div><\/a><\/div><\/div><div class=\"uael-grid-item\"><div class=\"uael-grid-item-content\"><a class=\"uael-grid-img uael-grid-gallery-img uael-ins-hover elementor-clickable\" data-fancybox=\"uael-gallery\" href=\"https:\/\/www.bflagro.com\/website\/wp-content\/uploads\/2023\/05\/pic5_1280.jpg\" data-elementor-open-lightbox=\"no\"><div class=\"uael-grid-img-thumbnail uael-ins-target\"><img decoding=\"async\" width=\"300\" height=\"169\" src=\"https:\/\/www.bflagro.com\/website\/wp-content\/uploads\/2023\/05\/pic5_1280-300x169.jpg\" class=\"attachment-medium size-medium wp-image-5636\" alt=\"\" loading=\"lazy\" srcset=\"https:\/\/www.bflagro.com\/website\/wp-content\/uploads\/2023\/05\/pic5_1280-300x169.jpg 300w, https:\/\/www.bflagro.com\/website\/wp-content\/uploads\/2023\/05\/pic5_1280-1024x576.jpg 1024w, https:\/\/www.bflagro.com\/website\/wp-content\/uploads\/2023\/05\/pic5_1280-768x432.jpg 768w, https:\/\/www.bflagro.com\/website\/wp-content\/uploads\/2023\/05\/pic5_1280-18x10.jpg 18w, https:\/\/www.bflagro.com\/website\/wp-content\/uploads\/2023\/05\/pic5_1280.jpg 1280w\" sizes=\"(max-width: 300px) 100vw, 300px\" \/><\/div><div class=\"uael-grid-img-overlay\"><\/div><\/a><\/div><\/div><div class=\"uael-grid-item\"><div class=\"uael-grid-item-content\"><a class=\"uael-grid-img uael-grid-gallery-img uael-ins-hover elementor-clickable\" data-fancybox=\"uael-gallery\" href=\"https:\/\/www.bflagro.com\/website\/wp-content\/uploads\/2023\/05\/IMG-20220802-WA0061.jpg\" data-elementor-open-lightbox=\"no\"><div class=\"uael-grid-img-thumbnail uael-ins-target\"><img decoding=\"async\" width=\"300\" height=\"169\" src=\"https:\/\/www.bflagro.com\/website\/wp-content\/uploads\/2023\/05\/IMG-20220802-WA0061-300x169.jpg\" class=\"attachment-medium size-medium wp-image-5631\" alt=\"\" loading=\"lazy\" srcset=\"https:\/\/www.bflagro.com\/website\/wp-content\/uploads\/2023\/05\/IMG-20220802-WA0061-300x169.jpg 300w, https:\/\/www.bflagro.com\/website\/wp-content\/uploads\/2023\/05\/IMG-20220802-WA0061-1024x576.jpg 1024w, https:\/\/www.bflagro.com\/website\/wp-content\/uploads\/2023\/05\/IMG-20220802-WA0061-768x432.jpg 768w, https:\/\/www.bflagro.com\/website\/wp-content\/uploads\/2023\/05\/IMG-20220802-WA0061-1536x864.jpg 1536w, https:\/\/www.bflagro.com\/website\/wp-content\/uploads\/2023\/05\/IMG-20220802-WA0061-18x10.jpg 18w, https:\/\/www.bflagro.com\/website\/wp-content\/uploads\/2023\/05\/IMG-20220802-WA0061.jpg 1599w\" sizes=\"(max-width: 300px) 100vw, 300px\" \/><\/div><div class=\"uael-grid-img-overlay\"><\/div><\/a><\/div><\/div><div class=\"uael-grid-item\"><div class=\"uael-grid-item-content\"><a class=\"uael-grid-img uael-grid-gallery-img uael-ins-hover elementor-clickable\" data-fancybox=\"uael-gallery\" href=\"https:\/\/www.bflagro.com\/website\/wp-content\/uploads\/2023\/05\/IMG-20220802-WA0082.jpg\" data-elementor-open-lightbox=\"no\"><div class=\"uael-grid-img-thumbnail uael-ins-target\"><img decoding=\"async\" width=\"300\" height=\"169\" src=\"https:\/\/www.bflagro.com\/website\/wp-content\/uploads\/2023\/05\/IMG-20220802-WA0082-300x169.jpg\" class=\"attachment-medium size-medium wp-image-5632\" alt=\"\" loading=\"lazy\" srcset=\"https:\/\/www.bflagro.com\/website\/wp-content\/uploads\/2023\/05\/IMG-20220802-WA0082-300x169.jpg 300w, https:\/\/www.bflagro.com\/website\/wp-content\/uploads\/2023\/05\/IMG-20220802-WA0082-1024x576.jpg 1024w, https:\/\/www.bflagro.com\/website\/wp-content\/uploads\/2023\/05\/IMG-20220802-WA0082-768x432.jpg 768w, https:\/\/www.bflagro.com\/website\/wp-content\/uploads\/2023\/05\/IMG-20220802-WA0082-1536x864.jpg 1536w, https:\/\/www.bflagro.com\/website\/wp-content\/uploads\/2023\/05\/IMG-20220802-WA0082-18x10.jpg 18w, https:\/\/www.bflagro.com\/website\/wp-content\/uploads\/2023\/05\/IMG-20220802-WA0082.jpg 1599w\" sizes=\"(max-width: 300px) 100vw, 300px\" \/><\/div><div class=\"uael-grid-img-overlay\"><\/div><\/a><\/div><\/div><div class=\"uael-grid-item\"><div class=\"uael-grid-item-content\"><a class=\"uael-grid-img uael-grid-gallery-img uael-ins-hover elementor-clickable\" data-fancybox=\"uael-gallery\" href=\"https:\/\/www.bflagro.com\/website\/wp-content\/uploads\/2023\/05\/IMG-20221104-WA0023.jpg\" data-elementor-open-lightbox=\"no\"><div class=\"uael-grid-img-thumbnail uael-ins-target\"><img decoding=\"async\" width=\"300\" height=\"169\" src=\"https:\/\/www.bflagro.com\/website\/wp-content\/uploads\/2023\/05\/IMG-20221104-WA0023-300x169.jpg\" class=\"attachment-medium size-medium wp-image-5633\" alt=\"\" loading=\"lazy\" srcset=\"https:\/\/www.bflagro.com\/website\/wp-content\/uploads\/2023\/05\/IMG-20221104-WA0023-300x169.jpg 300w, https:\/\/www.bflagro.com\/website\/wp-content\/uploads\/2023\/05\/IMG-20221104-WA0023-1024x576.jpg 1024w, https:\/\/www.bflagro.com\/website\/wp-content\/uploads\/2023\/05\/IMG-20221104-WA0023-768x432.jpg 768w, https:\/\/www.bflagro.com\/website\/wp-content\/uploads\/2023\/05\/IMG-20221104-WA0023-1536x864.jpg 1536w, https:\/\/www.bflagro.com\/website\/wp-content\/uploads\/2023\/05\/IMG-20221104-WA0023-18x10.jpg 18w, https:\/\/www.bflagro.com\/website\/wp-content\/uploads\/2023\/05\/IMG-20221104-WA0023.jpg 1599w\" sizes=\"(max-width: 300px) 100vw, 300px\" \/><\/div><div class=\"uael-grid-img-overlay\"><\/div><\/a><\/div><\/div><\/div><\/div>\t\t<\/div>\n\t\t\t\t<\/div>\n\t\t\t\t\t<\/div>\n\t\t<\/div>\n\t\t\t\t\t\t\t<\/div>\n\t\t<\/section>\n\t\t\t\t<section class=\"elementor-section elementor-top-section elementor-element elementor-element-cf4bad5 elementor-section-full_width elementor-section-height-default elementor-section-height-default\" data-id=\"cf4bad5\" data-element_type=\"section\" data-settings=\"{&quot;_ha_eqh_enable&quot;:false}\">\n\t\t\t\t\t\t<div class=\"elementor-container elementor-column-gap-default\">\n\t\t\t\t\t<div class=\"elementor-column elementor-col-100 elementor-top-column elementor-element elementor-element-7f5156d\" data-id=\"7f5156d\" data-element_type=\"column\">\n\t\t\t<div class=\"elementor-widget-wrap elementor-element-populated\">\n\t\t\t\t\t\t\t\t<section class=\"elementor-section elementor-inner-section elementor-element elementor-element-94f5b5b elementor-section-full_width elementor-section-height-min-height elementor-section-height-default\" data-id=\"94f5b5b\" data-element_type=\"section\" data-settings=\"{&quot;_ha_eqh_enable&quot;:false}\">\n\t\t\t\t\t\t<div class=\"elementor-container elementor-column-gap-default\">\n\t\t\t\t\t<div class=\"elementor-column elementor-col-100 elementor-inner-column elementor-element elementor-element-7fdd950\" data-id=\"7fdd950\" data-element_type=\"column\" data-settings=\"{&quot;background_background&quot;:&quot;classic&quot;}\">\n\t\t\t<div class=\"elementor-widget-wrap elementor-element-populated\">\n\t\t\t\t\t\t\t\t<section class=\"elementor-section elementor-inner-section elementor-element elementor-element-3cb5354 elementor-section-boxed elementor-section-height-default elementor-section-height-default\" data-id=\"3cb5354\" data-element_type=\"section\" data-settings=\"{&quot;_ha_eqh_enable&quot;:&quot;yes&quot;,&quot;_ha_eqh_widget&quot;:[&quot;icon-box&quot;],&quot;_ha_eqh_disable_on_tablet&quot;:&quot;yes&quot;,&quot;_ha_eqh_to&quot;:&quot;widget&quot;,&quot;_ha_eqh_disable_on_mobile&quot;:&quot;yes&quot;}\">\n\t\t\t\t\t\t<div class=\"elementor-container elementor-column-gap-default\">\n\t\t\t\t\t<div class=\"elementor-column elementor-col-50 elementor-inner-column elementor-element elementor-element-84d792e\" data-id=\"84d792e\" data-element_type=\"column\" data-settings=\"{&quot;background_background&quot;:&quot;classic&quot;}\">\n\t\t\t<div class=\"elementor-widget-wrap elementor-element-populated\">\n\t\t\t\t\t\t\t\t<div data-dce-advanced-background-color=\"#F9F9F9\" class=\"elementor-element elementor-element-18c56d4 elementor-position-top elementor-view-default elementor-mobile-position-top elementor-vertical-align-top elementor-widget elementor-widget-icon-box\" data-id=\"18c56d4\" data-element_type=\"widget\" data-widget_type=\"icon-box.default\">\n\t\t\t\t<div class=\"elementor-widget-container\">\n\t\t\t<link rel=\"stylesheet\" href=\"https:\/\/www.bflagro.com\/website\/wp-content\/uploads\/elementor\/css\/custom-widget-icon-box.min.css?ver=1684523027\">\t\t<div class=\"elementor-icon-box-wrapper\">\n\t\t\t\t\t\t<div class=\"elementor-icon-box-icon\">\n\t\t\t\t<span class=\"elementor-icon elementor-animation-\" >\n\t\t\t\t<i aria-hidden=\"true\" class=\"hm hm-pen-paper\"><\/i>\t\t\t\t<\/span>\n\t\t\t<\/div>\n\t\t\t\t\t\t<div class=\"elementor-icon-box-content\">\n\t\t\t\t<h3 class=\"elementor-icon-box-title\">\n\t\t\t\t\t<span  >\n\t\t\t\t\t\tHistory\t\t\t\t\t<\/span>\n\t\t\t\t<\/h3>\n\t\t\t\t\t\t\t\t\t<p class=\"elementor-icon-box-description\">\n\t\t\t\t\t\tBFL Agro was founded in 2004 in the state of Rio Grande do Sul, with the objective of trading grains. In 2020, it started its manufacturing operation, processing soybeans and canola in Guarani das Miss\u00f5es\/RS.\n<br><br>\nDuring this period of activity, several improvement actions were carried out, from the industrial process (optimizing production and quality), to training and qualification of employees, developing new indicators in financial and administrative management.\t\t\t\t\t<\/p>\n\t\t\t\t\t\t\t<\/div>\n\t\t<\/div>\n\t\t\t\t<\/div>\n\t\t\t\t<\/div>\n\t\t\t\t\t<\/div>\n\t\t<\/div>\n\t\t\t\t<div class=\"elementor-column elementor-col-50 elementor-inner-column elementor-element elementor-element-5187899\" data-id=\"5187899\" data-element_type=\"column\" data-settings=\"{&quot;background_background&quot;:&quot;classic&quot;}\">\n\t\t\t<div class=\"elementor-widget-wrap elementor-element-populated\">\n\t\t\t\t\t\t\t\t<div data-dce-advanced-background-color=\"#F9F9F9\" class=\"elementor-element elementor-element-caa56f6 elementor-position-top elementor-view-default elementor-mobile-position-top elementor-vertical-align-top elementor-widget elementor-widget-icon-box\" data-id=\"caa56f6\" data-element_type=\"widget\" data-widget_type=\"icon-box.default\">\n\t\t\t\t<div class=\"elementor-widget-container\">\n\t\t\t\t\t<div class=\"elementor-icon-box-wrapper\">\n\t\t\t\t\t\t<div class=\"elementor-icon-box-icon\">\n\t\t\t\t<span class=\"elementor-icon elementor-animation-\" >\n\t\t\t\t<i aria-hidden=\"true\" class=\"hm hm-heart\"><\/i>\t\t\t\t<\/span>\n\t\t\t<\/div>\n\t\t\t\t\t\t<div class=\"elementor-icon-box-content\">\n\t\t\t\t<h3 class=\"elementor-icon-box-title\">\n\t\t\t\t\t<span  >\n\t\t\t\t\t\tMission\t\t\t\t\t<\/span>\n\t\t\t\t<\/h3>\n\t\t\t\t\t\t\t\t\t<p class=\"elementor-icon-box-description\">\n\t\t\t\t\t\tTo trade products and provide services with efficiency and quality, aiming to satisfy customers and suppliers.\t\t\t\t\t<\/p>\n\t\t\t\t\t\t\t<\/div>\n\t\t<\/div>\n\t\t\t\t<\/div>\n\t\t\t\t<\/div>\n\t\t\t\t\t<\/div>\n\t\t<\/div>\n\t\t\t\t\t\t\t<\/div>\n\t\t<\/section>\n\t\t\t\t<section class=\"elementor-section elementor-inner-section elementor-element elementor-element-c29692a elementor-section-boxed elementor-section-height-default elementor-section-height-default\" data-id=\"c29692a\" data-element_type=\"section\" data-settings=\"{&quot;_ha_eqh_enable&quot;:&quot;yes&quot;,&quot;_ha_eqh_widget&quot;:[&quot;icon-box&quot;],&quot;_ha_eqh_disable_on_tablet&quot;:&quot;yes&quot;,&quot;_ha_eqh_to&quot;:&quot;widget&quot;,&quot;_ha_eqh_disable_on_mobile&quot;:&quot;yes&quot;}\">\n\t\t\t\t\t\t<div class=\"elementor-container elementor-column-gap-default\">\n\t\t\t\t\t<div class=\"elementor-column elementor-col-50 elementor-inner-column elementor-element elementor-element-e0f6f45\" data-id=\"e0f6f45\" data-element_type=\"column\" data-settings=\"{&quot;background_background&quot;:&quot;classic&quot;}\">\n\t\t\t<div class=\"elementor-widget-wrap elementor-element-populated\">\n\t\t\t\t\t\t\t\t<div data-dce-advanced-background-color=\"#F9F9F9\" class=\"elementor-element elementor-element-1f746a7 elementor-position-top elementor-view-default elementor-mobile-position-top elementor-vertical-align-top elementor-widget elementor-widget-icon-box\" data-id=\"1f746a7\" data-element_type=\"widget\" data-widget_type=\"icon-box.default\">\n\t\t\t\t<div class=\"elementor-widget-container\">\n\t\t\t\t\t<div class=\"elementor-icon-box-wrapper\">\n\t\t\t\t\t\t<div class=\"elementor-icon-box-icon\">\n\t\t\t\t<span class=\"elementor-icon elementor-animation-\" >\n\t\t\t\t<i aria-hidden=\"true\" class=\"hm hm-user-plus\"><\/i>\t\t\t\t<\/span>\n\t\t\t<\/div>\n\t\t\t\t\t\t<div class=\"elementor-icon-box-content\">\n\t\t\t\t<h3 class=\"elementor-icon-box-title\">\n\t\t\t\t\t<span  >\n\t\t\t\t\t\tVision\t\t\t\t\t<\/span>\n\t\t\t\t<\/h3>\n\t\t\t\t\t\t\t\t\t<p class=\"elementor-icon-box-description\">\n\t\t\t\t\t\tTo be recognized as a company of excellence in the Brazilian and international markets, by trading high-quality products and offering management services in the administrative, commercial, and tax areas.\t\t\t\t\t<\/p>\n\t\t\t\t\t\t\t<\/div>\n\t\t<\/div>\n\t\t\t\t<\/div>\n\t\t\t\t<\/div>\n\t\t\t\t\t<\/div>\n\t\t<\/div>\n\t\t\t\t<div class=\"elementor-column elementor-col-50 elementor-inner-column elementor-element elementor-element-3e9a958\" data-id=\"3e9a958\" data-element_type=\"column\" data-settings=\"{&quot;background_background&quot;:&quot;classic&quot;}\">\n\t\t\t<div class=\"elementor-widget-wrap elementor-element-populated\">\n\t\t\t\t\t\t\t\t<div data-dce-advanced-background-color=\"#F9F9F9\" class=\"elementor-element elementor-element-1127546 elementor-position-top elementor-view-default elementor-mobile-position-top elementor-vertical-align-top elementor-widget elementor-widget-icon-box\" data-id=\"1127546\" data-element_type=\"widget\" data-widget_type=\"icon-box.default\">\n\t\t\t\t<div class=\"elementor-widget-container\">\n\t\t\t\t\t<div class=\"elementor-icon-box-wrapper\">\n\t\t\t\t\t\t<div class=\"elementor-icon-box-icon\">\n\t\t\t\t<span class=\"elementor-icon elementor-animation-\" >\n\t\t\t\t<i aria-hidden=\"true\" class=\"hm hm-bond\"><\/i>\t\t\t\t<\/span>\n\t\t\t<\/div>\n\t\t\t\t\t\t<div class=\"elementor-icon-box-content\">\n\t\t\t\t<h3 class=\"elementor-icon-box-title\">\n\t\t\t\t\t<span  >\n\t\t\t\t\t\tValues\t\t\t\t\t<\/span>\n\t\t\t\t<\/h3>\n\t\t\t\t\t\t\t\t\t<p class=\"elementor-icon-box-description\">\n\t\t\t\t\t\t* Efficiency<br>\n* Commitment<br>\n* Responsibility\t\t\t\t\t<\/p>\n\t\t\t\t\t\t\t<\/div>\n\t\t<\/div>\n\t\t\t\t<\/div>\n\t\t\t\t<\/div>\n\t\t\t\t\t<\/div>\n\t\t<\/div>\n\t\t\t\t\t\t\t<\/div>\n\t\t<\/section>\n\t\t\t\t\t<\/div>\n\t\t<\/div>\n\t\t\t\t\t\t\t<\/div>\n\t\t<\/section>\n\t\t\t\t\t<\/div>\n\t\t<\/div>\n\t\t\t\t\t\t\t<\/div>\n\t\t<\/section>\n\t\t\t\t\t\t\t<\/div>","protected":false},"excerpt":{"rendered":"<p>Hist\u00f3rico, miss\u00e3o, objetivos Quem Somos Hist\u00f3rico A BFL Agro fundada em 2004 no estado do Rio Grande do sul, com o objetivo de comercializar gr\u00e3os. Em 2020 iniciou sua opera\u00e7\u00e3o fabril, no processamento de soja e canola em Guarani das Miss\u00f5es\/RS. Neste per\u00edodo de atividade, foram realizadas diversas a\u00e7\u00f5es em melhorias, desde o processo industrial &hellip;<\/p>\n<p class=\"read-more\"> <a class=\"\" href=\"https:\/\/www.bflagro.com\/website\/en\/quem-somos\/\"> <span class=\"screen-reader-text\">About Us<\/span> Read More &raquo;<\/a><\/p>","protected":false},"author":2,"featured_media":0,"parent":0,"menu_order":0,"comment_status":"closed","ping_status":"closed","template":"","meta":{"site-sidebar-layout":"no-sidebar","site-content-layout":"page-builder","ast-global-header-display":"disabled","ast-main-header-display":"","ast-hfb-above-header-display":"","ast-hfb-below-header-display":"","ast-hfb-mobile-header-display":"","site-post-title":"disabled","ast-breadcrumbs-content":"","ast-featured-img":"disabled","footer-sml-layout":"disabled","theme-transparent-header-meta":"","adv-header-id-meta":"","stick-header-meta":"","header-above-stick-meta":"","header-main-stick-meta":"","header-below-stick-meta":""},"_links":{"self":[{"href":"https:\/\/www.bflagro.com\/website\/en\/wp-json\/wp\/v2\/pages\/3834"}],"collection":[{"href":"https:\/\/www.bflagro.com\/website\/en\/wp-json\/wp\/v2\/pages"}],"about":[{"href":"https:\/\/www.bflagro.com\/website\/en\/wp-json\/wp\/v2\/types\/page"}],"author":[{"embeddable":true,"href":"https:\/\/www.bflagro.com\/website\/en\/wp-json\/wp\/v2\/users\/2"}],"replies":[{"embeddable":true,"href":"https:\/\/www.bflagro.com\/website\/en\/wp-json\/wp\/v2\/comments?post=3834"}],"version-history":[{"count":139,"href":"https:\/\/www.bflagro.com\/website\/en\/wp-json\/wp\/v2\/pages\/3834\/revisions"}],"predecessor-version":[{"id":5733,"href":"https:\/\/www.bflagro.com\/website\/en\/wp-json\/wp\/v2\/pages\/3834\/revisions\/5733"}],"wp:attachment":[{"href":"https:\/\/www.bflagro.com\/website\/en\/wp-json\/wp\/v2\/media?parent=3834"}],"curies":[{"name":"wp","href":"https:\/\/api.w.org\/{rel}","templated":true}]}}