{"id":3866,"date":"2023-04-13T15:26:05","date_gmt":"2023-04-13T18:26:05","guid":{"rendered":"https:\/\/www.bflagro.com\/website\/?page_id=3866"},"modified":"2023-05-26T16:07:25","modified_gmt":"2023-05-26T19:07:25","slug":"onde-estamos","status":"publish","type":"page","link":"https:\/\/www.bflagro.com\/website\/en\/onde-estamos\/","title":{"rendered":"Location"},"content":{"rendered":"<div data-elementor-type=\"wp-page\" data-elementor-id=\"3866\" class=\"elementor elementor-3866\">\n\t\t\t\t\t\t\t\t\t<section data-dce-background-color=\"#046402E6\" data-dce-background-overlay-image-url=\"https:\/\/www.bflagro.com\/website\/wp-content\/uploads\/2023\/05\/IMG-20220802-WA0082.jpg\" class=\"elementor-section elementor-top-section elementor-element elementor-element-5ef5bbd elementor-section-full_width elementor-section-items-stretch elementor-section-height-min-height elementor-section-height-default\" data-id=\"5ef5bbd\" data-element_type=\"section\" data-settings=\"{&quot;background_background&quot;:&quot;classic&quot;,&quot;_ha_eqh_enable&quot;:false}\">\n\t\t\t\t\t\t\t<div class=\"elementor-background-overlay\"><\/div>\n\t\t\t\t\t\t\t<div class=\"elementor-container elementor-column-gap-no\">\n\t\t\t\t\t<div class=\"elementor-column elementor-col-100 elementor-top-column elementor-element elementor-element-80292bc\" data-id=\"80292bc\" data-element_type=\"column\">\n\t\t\t<div class=\"elementor-widget-wrap elementor-element-populated\">\n\t\t\t\t\t\t\t\t<section class=\"elementor-section elementor-inner-section elementor-element elementor-element-c53e1e3 elementor-section-height-min-height elementor-section-boxed elementor-section-height-default\" data-id=\"c53e1e3\" data-element_type=\"section\" data-settings=\"{&quot;_ha_eqh_enable&quot;:false}\">\n\t\t\t\t\t\t<div class=\"elementor-container elementor-column-gap-default\">\n\t\t\t\t\t<div class=\"elementor-column elementor-col-100 elementor-inner-column elementor-element elementor-element-272fa0c\" data-id=\"272fa0c\" data-element_type=\"column\">\n\t\t\t<div class=\"elementor-widget-wrap elementor-element-populated\">\n\t\t\t\t\t\t\t\t<div class=\"elementor-element elementor-element-325911a elementor-widget elementor-widget-heading\" data-id=\"325911a\" data-element_type=\"widget\" data-widget_type=\"heading.default\">\n\t\t\t\t<div class=\"elementor-widget-container\">\n\t\t\t<style>\/*! elementor - v3.12.1 - 02-04-2023 *\/\n.elementor-heading-title{padding:0;margin:0;line-height:1}.elementor-widget-heading .elementor-heading-title[class*=elementor-size-]>a{color:inherit;font-size:inherit;line-height:inherit}.elementor-widget-heading .elementor-heading-title.elementor-size-small{font-size:15px}.elementor-widget-heading .elementor-heading-title.elementor-size-medium{font-size:19px}.elementor-widget-heading .elementor-heading-title.elementor-size-large{font-size:29px}.elementor-widget-heading .elementor-heading-title.elementor-size-xl{font-size:39px}.elementor-widget-heading .elementor-heading-title.elementor-size-xxl{font-size:59px}<\/style><div class=\"elementor-heading-title elementor-size-default\">Where We Are<\/div>\t\t<\/div>\n\t\t\t\t<\/div>\n\t\t\t\t<div class=\"elementor-element elementor-element-6f3504f elementor-widget elementor-widget-heading\" data-id=\"6f3504f\" data-element_type=\"widget\" data-widget_type=\"heading.default\">\n\t\t\t\t<div class=\"elementor-widget-container\">\n\t\t\t<div class=\"elementor-heading-title elementor-size-default\">Location<\/div>\t\t<\/div>\n\t\t\t\t<\/div>\n\t\t\t\t\t<\/div>\n\t\t<\/div>\n\t\t\t\t\t\t\t<\/div>\n\t\t<\/section>\n\t\t\t\t\t<\/div>\n\t\t<\/div>\n\t\t\t\t\t\t\t<\/div>\n\t\t<\/section>\n\t\t\t\t<section class=\"elementor-section elementor-top-section elementor-element elementor-element-fb0b54f elementor-section-full_width elementor-hidden-desktop elementor-hidden-laptop elementor-hidden-tablet elementor-section-height-default elementor-section-height-default\" data-id=\"fb0b54f\" data-element_type=\"section\" data-settings=\"{&quot;_ha_eqh_enable&quot;:false}\">\n\t\t\t\t\t\t<div class=\"elementor-container elementor-column-gap-default\">\n\t\t\t\t\t<div class=\"elementor-column elementor-col-100 elementor-top-column elementor-element elementor-element-f1281d6\" data-id=\"f1281d6\" data-element_type=\"column\">\n\t\t\t<div class=\"elementor-widget-wrap elementor-element-populated\">\n\t\t\t\t\t\t\t\t<div class=\"elementor-element elementor-element-55f69cb uael-ins-perpetua elementor-widget elementor-widget-uael-image-gallery\" data-id=\"55f69cb\" data-element_type=\"widget\" data-settings=\"{&quot;justified_margin_tablet&quot;:{&quot;unit&quot;:&quot;px&quot;,&quot;size&quot;:1,&quot;sizes&quot;:[]},&quot;justified_margin&quot;:{&quot;unit&quot;:&quot;px&quot;,&quot;size&quot;:3,&quot;sizes&quot;:[]},&quot;justified_margin_laptop&quot;:{&quot;unit&quot;:&quot;px&quot;,&quot;size&quot;:&quot;&quot;,&quot;sizes&quot;:[]},&quot;justified_margin_mobile&quot;:{&quot;unit&quot;:&quot;px&quot;,&quot;size&quot;:&quot;&quot;,&quot;sizes&quot;:[]}}\" data-widget_type=\"uael-image-gallery.default\">\n\t\t\t\t<div class=\"elementor-widget-container\">\n\t\t\t<div class=\"uael-gallery-parent uael-caption-\"><div class=\"uael-img-gallery-wrap uael-img-justified-wrap uael-img-grid-masonry-wrap uael-image-lightbox-wrap\" data-filter-default=\"All\" data-rowheight=\"120\" data-lastrow=\"hide\" data-lightbox_actions=\"[&quot;close&quot;]\" data-lightbox-gallery-loop=\"\"><\/div><\/div>\t\t<\/div>\n\t\t\t\t<\/div>\n\t\t\t\t\t<\/div>\n\t\t<\/div>\n\t\t\t\t\t\t\t<\/div>\n\t\t<\/section>\n\t\t\t\t<section class=\"elementor-section elementor-top-section elementor-element elementor-element-aa8a81f elementor-section-full_width elementor-section-height-min-height elementor-section-height-default elementor-section-items-middle\" data-id=\"aa8a81f\" data-element_type=\"section\" data-settings=\"{&quot;_ha_eqh_enable&quot;:false}\">\n\t\t\t\t\t\t<div class=\"elementor-container elementor-column-gap-default\">\n\t\t\t\t\t<div class=\"elementor-column elementor-col-100 elementor-top-column elementor-element elementor-element-722e6bd\" data-id=\"722e6bd\" data-element_type=\"column\">\n\t\t\t<div class=\"elementor-widget-wrap elementor-element-populated\">\n\t\t\t\t\t\t\t\t<section class=\"elementor-section elementor-inner-section elementor-element elementor-element-a394f0e elementor-section-boxed elementor-section-height-default elementor-section-height-default\" data-id=\"a394f0e\" data-element_type=\"section\" data-settings=\"{&quot;_ha_eqh_enable&quot;:false}\">\n\t\t\t\t\t\t<div class=\"elementor-container elementor-column-gap-default\">\n\t\t\t\t\t<div class=\"elementor-column elementor-col-50 elementor-inner-column elementor-element elementor-element-b218bc9\" data-id=\"b218bc9\" data-element_type=\"column\" data-settings=\"{&quot;background_background&quot;:&quot;classic&quot;}\">\n\t\t\t<div class=\"elementor-widget-wrap elementor-element-populated\">\n\t\t\t\t\t\t\t\t<div class=\"elementor-element elementor-element-889c893 elementor-position-top elementor-view-default elementor-mobile-position-top elementor-vertical-align-top elementor-widget elementor-widget-icon-box\" data-id=\"889c893\" data-element_type=\"widget\" data-widget_type=\"icon-box.default\">\n\t\t\t\t<div class=\"elementor-widget-container\">\n\t\t\t<link rel=\"stylesheet\" href=\"https:\/\/www.bflagro.com\/website\/wp-content\/uploads\/elementor\/css\/custom-widget-icon-box.min.css?ver=1684523027\">\t\t<div class=\"elementor-icon-box-wrapper\">\n\t\t\t\t\t\t<div class=\"elementor-icon-box-icon\">\n\t\t\t\t<span class=\"elementor-icon elementor-animation-\" >\n\t\t\t\t<i aria-hidden=\"true\" class=\"hm hm-pin\"><\/i>\t\t\t\t<\/span>\n\t\t\t<\/div>\n\t\t\t\t\t\t<div class=\"elementor-icon-box-content\">\n\t\t\t\t<h3 class=\"elementor-icon-box-title\">\n\t\t\t\t\t<span  >\n\t\t\t\t\t\tThe <strong>BFL Agro<\/strong> is located in Guarani das Miss\u00f5es in the state of Rio Grande do Sul.\t\t\t\t\t<\/span>\n\t\t\t\t<\/h3>\n\t\t\t\t\t\t\t\t\t<p class=\"elementor-icon-box-description\">\n\t\t\t\t\t\tVila Tr\u00eas Irm\u00e3os, No Number \u2013 Guarani das Miss\u00f5es \u2013 RS Postal Code: 97.950-000\t\t\t\t\t<\/p>\n\t\t\t\t\t\t\t<\/div>\n\t\t<\/div>\n\t\t\t\t<\/div>\n\t\t\t\t<\/div>\n\t\t\t\t\t<\/div>\n\t\t<\/div>\n\t\t\t\t<div class=\"elementor-column elementor-col-50 elementor-inner-column elementor-element elementor-element-a5ebf33\" data-id=\"a5ebf33\" data-element_type=\"column\" data-settings=\"{&quot;background_background&quot;:&quot;classic&quot;}\">\n\t\t\t<div class=\"elementor-widget-wrap elementor-element-populated\">\n\t\t\t\t\t\t\t\t<div class=\"elementor-element elementor-element-c5f3944 elementor-widget elementor-widget-ha-justified-gallery happy-addon ha-justified-gallery\" data-id=\"c5f3944\" data-element_type=\"widget\" data-settings=\"{&quot;row_height&quot;:{&quot;unit&quot;:&quot;px&quot;,&quot;size&quot;:130,&quot;sizes&quot;:[]},&quot;max_row_height&quot;:&quot;yes&quot;,&quot;margins&quot;:{&quot;unit&quot;:&quot;px&quot;,&quot;size&quot;:10,&quot;sizes&quot;:[]},&quot;last_row&quot;:&quot;justify&quot;,&quot;enable_popup&quot;:&quot;yes&quot;}\" data-widget_type=\"ha-justified-gallery.default\">\n\t\t\t\t<div class=\"elementor-widget-container\">\n\t\t\t\n\t\t<div class=\"ha-justified-grid__wrap hajs-justified-grid\">\n\t\t\t\t\t\t\t<a href=\"#\" data-mfp-src=\"https:\/\/www.bflagro.com\/website\/wp-content\/uploads\/2023\/05\/pic1_1280-1024x576.jpg\" class=\"ha-justified-grid__item ha-js-lightbox __fltr-1\" title=\"\">\n\t\t\t\t\t<img width=\"768\" height=\"432\" src=\"https:\/\/www.bflagro.com\/website\/wp-content\/uploads\/2023\/05\/pic1_1280-768x432.jpg\" class=\"elementor-animation-grow\" alt=\"\" decoding=\"async\" loading=\"lazy\" srcset=\"https:\/\/www.bflagro.com\/website\/wp-content\/uploads\/2023\/05\/pic1_1280-768x432.jpg 768w, https:\/\/www.bflagro.com\/website\/wp-content\/uploads\/2023\/05\/pic1_1280-300x169.jpg 300w, https:\/\/www.bflagro.com\/website\/wp-content\/uploads\/2023\/05\/pic1_1280-1024x576.jpg 1024w, https:\/\/www.bflagro.com\/website\/wp-content\/uploads\/2023\/05\/pic1_1280-18x10.jpg 18w, https:\/\/www.bflagro.com\/website\/wp-content\/uploads\/2023\/05\/pic1_1280.jpg 1280w\" sizes=\"(max-width: 768px) 100vw, 768px\" \/>\t\t\t\t<\/a>\n\t\t\t\t\t\t\t<a href=\"#\" data-mfp-src=\"https:\/\/www.bflagro.com\/website\/wp-content\/uploads\/2023\/05\/pic5_1280-1024x576.jpg\" class=\"ha-justified-grid__item ha-js-lightbox __fltr-1\" title=\"\">\n\t\t\t\t\t<img width=\"768\" height=\"432\" src=\"https:\/\/www.bflagro.com\/website\/wp-content\/uploads\/2023\/05\/pic5_1280-768x432.jpg\" class=\"elementor-animation-grow\" alt=\"\" decoding=\"async\" loading=\"lazy\" srcset=\"https:\/\/www.bflagro.com\/website\/wp-content\/uploads\/2023\/05\/pic5_1280-768x432.jpg 768w, https:\/\/www.bflagro.com\/website\/wp-content\/uploads\/2023\/05\/pic5_1280-300x169.jpg 300w, https:\/\/www.bflagro.com\/website\/wp-content\/uploads\/2023\/05\/pic5_1280-1024x576.jpg 1024w, https:\/\/www.bflagro.com\/website\/wp-content\/uploads\/2023\/05\/pic5_1280-18x10.jpg 18w, https:\/\/www.bflagro.com\/website\/wp-content\/uploads\/2023\/05\/pic5_1280.jpg 1280w\" sizes=\"(max-width: 768px) 100vw, 768px\" \/>\t\t\t\t<\/a>\n\t\t\t\t\t\t\t<a href=\"#\" data-mfp-src=\"https:\/\/www.bflagro.com\/website\/wp-content\/uploads\/2023\/05\/IMG-20220802-WA0061-1024x576.jpg\" class=\"ha-justified-grid__item ha-js-lightbox __fltr-1\" title=\"\">\n\t\t\t\t\t<img width=\"768\" height=\"432\" src=\"https:\/\/www.bflagro.com\/website\/wp-content\/uploads\/2023\/05\/IMG-20220802-WA0061-768x432.jpg\" class=\"elementor-animation-grow\" alt=\"\" decoding=\"async\" loading=\"lazy\" srcset=\"https:\/\/www.bflagro.com\/website\/wp-content\/uploads\/2023\/05\/IMG-20220802-WA0061-768x432.jpg 768w, https:\/\/www.bflagro.com\/website\/wp-content\/uploads\/2023\/05\/IMG-20220802-WA0061-300x169.jpg 300w, https:\/\/www.bflagro.com\/website\/wp-content\/uploads\/2023\/05\/IMG-20220802-WA0061-1024x576.jpg 1024w, https:\/\/www.bflagro.com\/website\/wp-content\/uploads\/2023\/05\/IMG-20220802-WA0061-1536x864.jpg 1536w, https:\/\/www.bflagro.com\/website\/wp-content\/uploads\/2023\/05\/IMG-20220802-WA0061-18x10.jpg 18w, https:\/\/www.bflagro.com\/website\/wp-content\/uploads\/2023\/05\/IMG-20220802-WA0061.jpg 1599w\" sizes=\"(max-width: 768px) 100vw, 768px\" \/>\t\t\t\t<\/a>\n\t\t\t\t\t\t\t<a href=\"#\" data-mfp-src=\"https:\/\/www.bflagro.com\/website\/wp-content\/uploads\/2023\/05\/IMG-20220802-WA0046-1024x576.jpg\" class=\"ha-justified-grid__item ha-js-lightbox __fltr-1\" title=\"\">\n\t\t\t\t\t<img width=\"768\" height=\"432\" src=\"https:\/\/www.bflagro.com\/website\/wp-content\/uploads\/2023\/05\/IMG-20220802-WA0046-768x432.jpg\" class=\"elementor-animation-grow\" alt=\"\" decoding=\"async\" loading=\"lazy\" srcset=\"https:\/\/www.bflagro.com\/website\/wp-content\/uploads\/2023\/05\/IMG-20220802-WA0046-768x432.jpg 768w, https:\/\/www.bflagro.com\/website\/wp-content\/uploads\/2023\/05\/IMG-20220802-WA0046-300x169.jpg 300w, https:\/\/www.bflagro.com\/website\/wp-content\/uploads\/2023\/05\/IMG-20220802-WA0046-1024x576.jpg 1024w, https:\/\/www.bflagro.com\/website\/wp-content\/uploads\/2023\/05\/IMG-20220802-WA0046-1536x864.jpg 1536w, https:\/\/www.bflagro.com\/website\/wp-content\/uploads\/2023\/05\/IMG-20220802-WA0046-18x10.jpg 18w, https:\/\/www.bflagro.com\/website\/wp-content\/uploads\/2023\/05\/IMG-20220802-WA0046.jpg 1599w\" sizes=\"(max-width: 768px) 100vw, 768px\" \/>\t\t\t\t<\/a>\n\t\t\t\t\t<\/div>\n\n\t\t\t\t<\/div>\n\t\t\t\t<\/div>\n\t\t\t\t\t<\/div>\n\t\t<\/div>\n\t\t\t\t\t\t\t<\/div>\n\t\t<\/section>\n\t\t\t\t\t<\/div>\n\t\t<\/div>\n\t\t\t\t\t\t\t<\/div>\n\t\t<\/section>\n\t\t\t\t<section class=\"elementor-section elementor-top-section elementor-element elementor-element-82378ff elementor-section-full_width elementor-section-height-default elementor-section-height-default\" data-id=\"82378ff\" data-element_type=\"section\" data-settings=\"{&quot;_ha_eqh_enable&quot;:false}\">\n\t\t\t\t\t\t<div class=\"elementor-container elementor-column-gap-default\">\n\t\t\t\t\t<div class=\"elementor-column elementor-col-100 elementor-top-column elementor-element elementor-element-8ebfb04\" data-id=\"8ebfb04\" data-element_type=\"column\">\n\t\t\t<div class=\"elementor-widget-wrap elementor-element-populated\">\n\t\t\t\t\t\t\t\t<div class=\"elementor-element elementor-element-ad23682 elementor-widget elementor-widget-google_maps\" data-id=\"ad23682\" data-element_type=\"widget\" data-widget_type=\"google_maps.default\">\n\t\t\t\t<div class=\"elementor-widget-container\">\n\t\t\t<style>\/*! elementor - v3.12.1 - 02-04-2023 *\/\n.elementor-widget-google_maps .elementor-widget-container{overflow:hidden}.elementor-widget-google_maps .elementor-custom-embed{line-height:0}.elementor-widget-google_maps iframe{height:300px}<\/style>\t\t<div class=\"elementor-custom-embed\">\n\t\t\t<iframe loading=\"lazy\"\n\t\t\t\t\tsrc=\"https:\/\/maps.google.com\/maps?q=Vila%20Tr%C3%AAs%20Irm%C3%A3os%2C%20S%2FN%C2%BA%20%E2%80%93%20Guarani%20das%20Miss%C3%B5es%2FRS&#038;t=m&#038;z=11&#038;output=embed&#038;iwloc=near\"\n\t\t\t\t\ttitle=\"Vila Tr\u00eas Irm\u00e3os, S\/N\u00ba \u2013 Guarani das Miss\u00f5es\/RS\"\n\t\t\t\t\taria-label=\"Vila Tr\u00eas Irm\u00e3os, S\/N\u00ba \u2013 Guarani das Miss\u00f5es\/RS\"\n\t\t\t><\/iframe>\n\t\t<\/div>\n\t\t\t\t<\/div>\n\t\t\t\t<\/div>\n\t\t\t\t\t<\/div>\n\t\t<\/div>\n\t\t\t\t\t\t\t<\/div>\n\t\t<\/section>\n\t\t\t\t\t\t\t<\/div>","protected":false},"excerpt":{"rendered":"<p>Localiza\u00e7\u00e3o Onde Estamos A BFL Agro est\u00e1 localizada em Guarani das Miss\u00f5es no estado do Rio Grande do Sul. Vila Tr\u00eas Irm\u00e3os, S\/N\u00ba \u2013 Guarani das Miss\u00f5es \u2013 RS CEP: 97.950-000<\/p>","protected":false},"author":2,"featured_media":0,"parent":0,"menu_order":0,"comment_status":"closed","ping_status":"closed","template":"","meta":{"site-sidebar-layout":"no-sidebar","site-content-layout":"page-builder","ast-global-header-display":"disabled","ast-main-header-display":"","ast-hfb-above-header-display":"","ast-hfb-below-header-display":"","ast-hfb-mobile-header-display":"","site-post-title":"disabled","ast-breadcrumbs-content":"","ast-featured-img":"disabled","footer-sml-layout":"disabled","theme-transparent-header-meta":"","adv-header-id-meta":"","stick-header-meta":"","header-above-stick-meta":"","header-main-stick-meta":"","header-below-stick-meta":""},"_links":{"self":[{"href":"https:\/\/www.bflagro.com\/website\/en\/wp-json\/wp\/v2\/pages\/3866"}],"collection":[{"href":"https:\/\/www.bflagro.com\/website\/en\/wp-json\/wp\/v2\/pages"}],"about":[{"href":"https:\/\/www.bflagro.com\/website\/en\/wp-json\/wp\/v2\/types\/page"}],"author":[{"embeddable":true,"href":"https:\/\/www.bflagro.com\/website\/en\/wp-json\/wp\/v2\/users\/2"}],"replies":[{"embeddable":true,"href":"https:\/\/www.bflagro.com\/website\/en\/wp-json\/wp\/v2\/comments?post=3866"}],"version-history":[{"count":244,"href":"https:\/\/www.bflagro.com\/website\/en\/wp-json\/wp\/v2\/pages\/3866\/revisions"}],"predecessor-version":[{"id":5717,"href":"https:\/\/www.bflagro.com\/website\/en\/wp-json\/wp\/v2\/pages\/3866\/revisions\/5717"}],"wp:attachment":[{"href":"https:\/\/www.bflagro.com\/website\/en\/wp-json\/wp\/v2\/media?parent=3866"}],"curies":[{"name":"wp","href":"https:\/\/api.w.org\/{rel}","templated":true}]}}