{"id":3874,"date":"2023-04-13T15:37:02","date_gmt":"2023-04-13T18:37:02","guid":{"rendered":"https:\/\/www.bflagro.com\/website\/?page_id=3874"},"modified":"2025-10-31T10:53:10","modified_gmt":"2025-10-31T13:53:10","slug":"estrutura","status":"publish","type":"page","link":"https:\/\/www.bflagro.com\/website\/en\/estrutura\/","title":{"rendered":"Structure"},"content":{"rendered":"<div data-elementor-type=\"wp-page\" data-elementor-id=\"3874\" class=\"elementor elementor-3874\">\n\t\t\t\t\t\t\t\t\t<section data-dce-background-color=\"#046402\" data-dce-background-overlay-image-url=\"https:\/\/www.bflagro.com\/website\/wp-content\/uploads\/2023\/05\/pic1.jpg\" class=\"elementor-section elementor-top-section elementor-element elementor-element-63c0d90 elementor-section-full_width elementor-section-items-stretch elementor-section-height-min-height elementor-section-height-default\" data-id=\"63c0d90\" data-element_type=\"section\" data-settings=\"{&quot;background_background&quot;:&quot;classic&quot;,&quot;_ha_eqh_enable&quot;:false}\">\n\t\t\t\t\t\t\t<div class=\"elementor-background-overlay\"><\/div>\n\t\t\t\t\t\t\t<div class=\"elementor-container elementor-column-gap-no\">\n\t\t\t\t\t<div class=\"elementor-column elementor-col-100 elementor-top-column elementor-element elementor-element-d4b0b3a\" data-id=\"d4b0b3a\" data-element_type=\"column\">\n\t\t\t<div class=\"elementor-widget-wrap elementor-element-populated\">\n\t\t\t\t\t\t\t\t<section class=\"elementor-section elementor-inner-section elementor-element elementor-element-854f726 elementor-section-height-min-height elementor-section-boxed elementor-section-height-default\" data-id=\"854f726\" data-element_type=\"section\" data-settings=\"{&quot;_ha_eqh_enable&quot;:false}\">\n\t\t\t\t\t\t<div class=\"elementor-container elementor-column-gap-default\">\n\t\t\t\t\t<div class=\"elementor-column elementor-col-100 elementor-inner-column elementor-element elementor-element-5c508c1\" data-id=\"5c508c1\" data-element_type=\"column\">\n\t\t\t<div class=\"elementor-widget-wrap elementor-element-populated\">\n\t\t\t\t\t\t\t\t<div class=\"elementor-element elementor-element-b7ec1cd elementor-widget elementor-widget-heading\" data-id=\"b7ec1cd\" data-element_type=\"widget\" data-widget_type=\"heading.default\">\n\t\t\t\t<div class=\"elementor-widget-container\">\n\t\t\t<style>\/*! elementor - v3.12.1 - 02-04-2023 *\/\n.elementor-heading-title{padding:0;margin:0;line-height:1}.elementor-widget-heading .elementor-heading-title[class*=elementor-size-]>a{color:inherit;font-size:inherit;line-height:inherit}.elementor-widget-heading .elementor-heading-title.elementor-size-small{font-size:15px}.elementor-widget-heading .elementor-heading-title.elementor-size-medium{font-size:19px}.elementor-widget-heading .elementor-heading-title.elementor-size-large{font-size:29px}.elementor-widget-heading .elementor-heading-title.elementor-size-xl{font-size:39px}.elementor-widget-heading .elementor-heading-title.elementor-size-xxl{font-size:59px}<\/style><div class=\"elementor-heading-title elementor-size-default\">Continuous Investment<\/div>\t\t<\/div>\n\t\t\t\t<\/div>\n\t\t\t\t<div class=\"elementor-element elementor-element-831100d elementor-widget elementor-widget-heading\" data-id=\"831100d\" data-element_type=\"widget\" data-widget_type=\"heading.default\">\n\t\t\t\t<div class=\"elementor-widget-container\">\n\t\t\t<div class=\"elementor-heading-title elementor-size-default\">Structure<\/div>\t\t<\/div>\n\t\t\t\t<\/div>\n\t\t\t\t\t<\/div>\n\t\t<\/div>\n\t\t\t\t\t\t\t<\/div>\n\t\t<\/section>\n\t\t\t\t\t<\/div>\n\t\t<\/div>\n\t\t\t\t\t\t\t<\/div>\n\t\t<\/section>\n\t\t\t\t<section class=\"elementor-section elementor-top-section elementor-element elementor-element-0eda6a9 elementor-section-full_width elementor-section-height-default elementor-section-height-default\" data-id=\"0eda6a9\" data-element_type=\"section\" data-settings=\"{&quot;_ha_eqh_enable&quot;:false}\">\n\t\t\t\t\t\t<div class=\"elementor-container elementor-column-gap-default\">\n\t\t\t\t\t<div class=\"elementor-column elementor-col-100 elementor-top-column elementor-element elementor-element-69a2064\" data-id=\"69a2064\" data-element_type=\"column\">\n\t\t\t<div class=\"elementor-widget-wrap elementor-element-populated\">\n\t\t\t\t\t\t\t\t<section class=\"elementor-section elementor-inner-section elementor-element elementor-element-70b51e2 elementor-section-full_width elementor-section-height-min-height elementor-section-height-default\" data-id=\"70b51e2\" data-element_type=\"section\" data-settings=\"{&quot;_ha_eqh_enable&quot;:false}\">\n\t\t\t\t\t\t<div class=\"elementor-container elementor-column-gap-default\">\n\t\t\t\t\t<div class=\"elementor-column elementor-col-100 elementor-inner-column elementor-element elementor-element-f18ce7d\" data-id=\"f18ce7d\" data-element_type=\"column\" data-settings=\"{&quot;background_background&quot;:&quot;classic&quot;}\">\n\t\t\t<div class=\"elementor-widget-wrap elementor-element-populated\">\n\t\t\t\t\t\t\t\t<section class=\"elementor-section elementor-inner-section elementor-element elementor-element-a8e4405 elementor-section-boxed elementor-section-height-default elementor-section-height-default\" data-id=\"a8e4405\" data-element_type=\"section\" data-settings=\"{&quot;_ha_eqh_enable&quot;:&quot;yes&quot;,&quot;_ha_eqh_widget&quot;:[&quot;icon-box&quot;],&quot;_ha_eqh_disable_on_tablet&quot;:&quot;yes&quot;,&quot;_ha_eqh_to&quot;:&quot;widget&quot;,&quot;_ha_eqh_disable_on_mobile&quot;:&quot;yes&quot;}\">\n\t\t\t\t\t\t<div class=\"elementor-container elementor-column-gap-default\">\n\t\t\t\t\t<div class=\"elementor-column elementor-col-50 elementor-inner-column elementor-element elementor-element-5b3c0e0\" data-id=\"5b3c0e0\" data-element_type=\"column\">\n\t\t\t<div class=\"elementor-widget-wrap elementor-element-populated\">\n\t\t\t\t\t\t\t\t<div class=\"elementor-element elementor-element-d67da2d elementor-position-top dce_masking-none elementor-vertical-align-top elementor-widget elementor-widget-image-box\" data-id=\"d67da2d\" data-element_type=\"widget\" data-widget_type=\"image-box.default\">\n\t\t\t\t<div class=\"elementor-widget-container\">\n\t\t\t<style>.elementor-widget-image-box .elementor-image-box-content{width:100%}@media (min-width:768px){.elementor-widget-image-box.elementor-position-left .elementor-image-box-wrapper,.elementor-widget-image-box.elementor-position-right .elementor-image-box-wrapper{display:flex}.elementor-widget-image-box.elementor-position-right .elementor-image-box-wrapper{text-align:right;flex-direction:row-reverse}.elementor-widget-image-box.elementor-position-left .elementor-image-box-wrapper{text-align:left;flex-direction:row}.elementor-widget-image-box.elementor-position-top .elementor-image-box-img{margin:auto}.elementor-widget-image-box.elementor-vertical-align-top .elementor-image-box-wrapper{align-items:flex-start}.elementor-widget-image-box.elementor-vertical-align-middle .elementor-image-box-wrapper{align-items:center}.elementor-widget-image-box.elementor-vertical-align-bottom .elementor-image-box-wrapper{align-items:flex-end}}@media (max-width:767px){.elementor-widget-image-box .elementor-image-box-img{margin-left:auto!important;margin-right:auto!important;margin-bottom:15px}}.elementor-widget-image-box .elementor-image-box-img{display:inline-block}.elementor-widget-image-box .elementor-image-box-title a{color:inherit}.elementor-widget-image-box .elementor-image-box-wrapper{text-align:center}.elementor-widget-image-box .elementor-image-box-description{margin:0}<\/style><div class=\"elementor-image-box-wrapper\"><figure class=\"elementor-image-box-img\"><a href=\"#elementor-action%3Aaction%3Dlightbox%26settings%3DeyJ1cmwiOiJodHRwczpcL1wvd3d3LmJmbGFncm8uY29tXC93ZWJzaXRlXC93cC1jb250ZW50XC91cGxvYWRzXC8yMDI1XC8xMFwvcGljMTAuanBnIiwidHlwZSI6ImltYWdlIiwidGl0bGUiOiJwaWMxMCJ9\"><img decoding=\"async\" width=\"1440\" height=\"810\" src=\"https:\/\/www.bflagro.com\/website\/wp-content\/uploads\/2025\/10\/pic10.jpg\" class=\"attachment-full size-full wp-image-5739\" alt=\"\" loading=\"lazy\" srcset=\"https:\/\/www.bflagro.com\/website\/wp-content\/uploads\/2025\/10\/pic10.jpg 1440w, https:\/\/www.bflagro.com\/website\/wp-content\/uploads\/2025\/10\/pic10-300x169.jpg 300w, https:\/\/www.bflagro.com\/website\/wp-content\/uploads\/2025\/10\/pic10-1024x576.jpg 1024w, https:\/\/www.bflagro.com\/website\/wp-content\/uploads\/2025\/10\/pic10-768x432.jpg 768w, https:\/\/www.bflagro.com\/website\/wp-content\/uploads\/2025\/10\/pic10-18x10.jpg 18w\" sizes=\"(max-width: 1440px) 100vw, 1440px\" \/><\/a><\/figure><div class=\"elementor-image-box-content\"><h3 class=\"elementor-image-box-title\"><a href=\"#elementor-action%3Aaction%3Dlightbox%26settings%3DeyJ1cmwiOiJodHRwczpcL1wvd3d3LmJmbGFncm8uY29tXC93ZWJzaXRlXC93cC1jb250ZW50XC91cGxvYWRzXC8yMDI1XC8xMFwvcGljMTAuanBnIiwidHlwZSI6ImltYWdlIiwidGl0bGUiOiJwaWMxMCJ9\">Crushing Plant<\/a><\/h3><p class=\"elementor-image-box-description\">600 tons\/day Soybeans or 300 tons\/day Canola<\/p><\/div><\/div>\t\t<\/div>\n\t\t\t\t<\/div>\n\t\t\t\t\t<\/div>\n\t\t<\/div>\n\t\t\t\t<div class=\"elementor-column elementor-col-50 elementor-inner-column elementor-element elementor-element-7b4b2ca\" data-id=\"7b4b2ca\" data-element_type=\"column\">\n\t\t\t<div class=\"elementor-widget-wrap elementor-element-populated\">\n\t\t\t\t\t\t\t\t<div class=\"elementor-element elementor-element-68c6a3d elementor-position-top dce_masking-none elementor-vertical-align-top elementor-widget elementor-widget-image-box\" data-id=\"68c6a3d\" data-element_type=\"widget\" data-widget_type=\"image-box.default\">\n\t\t\t\t<div class=\"elementor-widget-container\">\n\t\t\t<div class=\"elementor-image-box-wrapper\"><figure class=\"elementor-image-box-img\"><a href=\"#elementor-action%3Aaction%3Dlightbox%26settings%3DeyJ1cmwiOiJodHRwczpcL1wvd3d3LmJmbGFncm8uY29tXC93ZWJzaXRlXC93cC1jb250ZW50XC91cGxvYWRzXC8yMDI1XC8xMFwvcGljMTMuanBnIiwidHlwZSI6ImltYWdlIiwidGl0bGUiOiJwaWMxMyJ9\"><img decoding=\"async\" width=\"1440\" height=\"810\" src=\"https:\/\/www.bflagro.com\/website\/wp-content\/uploads\/2025\/10\/pic13.jpg\" class=\"attachment-full size-full wp-image-5769\" alt=\"\" loading=\"lazy\" srcset=\"https:\/\/www.bflagro.com\/website\/wp-content\/uploads\/2025\/10\/pic13.jpg 1440w, https:\/\/www.bflagro.com\/website\/wp-content\/uploads\/2025\/10\/pic13-300x169.jpg 300w, https:\/\/www.bflagro.com\/website\/wp-content\/uploads\/2025\/10\/pic13-1024x576.jpg 1024w, https:\/\/www.bflagro.com\/website\/wp-content\/uploads\/2025\/10\/pic13-768x432.jpg 768w, https:\/\/www.bflagro.com\/website\/wp-content\/uploads\/2025\/10\/pic13-18x10.jpg 18w\" sizes=\"(max-width: 1440px) 100vw, 1440px\" \/><\/a><\/figure><div class=\"elementor-image-box-content\"><h3 class=\"elementor-image-box-title\"><a href=\"#elementor-action%3Aaction%3Dlightbox%26settings%3DeyJ1cmwiOiJodHRwczpcL1wvd3d3LmJmbGFncm8uY29tXC93ZWJzaXRlXC93cC1jb250ZW50XC91cGxvYWRzXC8yMDI1XC8xMFwvcGljMTMuanBnIiwidHlwZSI6ImltYWdlIiwidGl0bGUiOiJwaWMxMyJ9\">Refinery<\/a><\/h3><p class=\"elementor-image-box-description\">100 tons\/day <\/p><\/div><\/div>\t\t<\/div>\n\t\t\t\t<\/div>\n\t\t\t\t\t<\/div>\n\t\t<\/div>\n\t\t\t\t\t\t\t<\/div>\n\t\t<\/section>\n\t\t\t\t<section class=\"elementor-section elementor-inner-section elementor-element elementor-element-d3a502c elementor-section-boxed elementor-section-height-default elementor-section-height-default\" data-id=\"d3a502c\" data-element_type=\"section\" data-settings=\"{&quot;_ha_eqh_enable&quot;:&quot;yes&quot;,&quot;_ha_eqh_widget&quot;:[&quot;icon-box&quot;],&quot;_ha_eqh_disable_on_tablet&quot;:&quot;yes&quot;,&quot;_ha_eqh_to&quot;:&quot;widget&quot;,&quot;_ha_eqh_disable_on_mobile&quot;:&quot;yes&quot;}\">\n\t\t\t\t\t\t<div class=\"elementor-container elementor-column-gap-default\">\n\t\t\t\t\t<div class=\"elementor-column elementor-col-50 elementor-inner-column elementor-element elementor-element-6eea0ee\" data-id=\"6eea0ee\" data-element_type=\"column\">\n\t\t\t<div class=\"elementor-widget-wrap elementor-element-populated\">\n\t\t\t\t\t\t\t\t<div class=\"elementor-element elementor-element-00f8478 elementor-position-top dce_masking-none elementor-vertical-align-top elementor-widget elementor-widget-image-box\" data-id=\"00f8478\" data-element_type=\"widget\" data-widget_type=\"image-box.default\">\n\t\t\t\t<div class=\"elementor-widget-container\">\n\t\t\t<div class=\"elementor-image-box-wrapper\"><figure class=\"elementor-image-box-img\"><a href=\"#elementor-action%3Aaction%3Dlightbox%26settings%3DeyJ1cmwiOiJodHRwczpcL1wvd3d3LmJmbGFncm8uY29tXC93ZWJzaXRlXC93cC1jb250ZW50XC91cGxvYWRzXC8yMDI1XC8xMFwvcGljMTIuanBnIiwidHlwZSI6ImltYWdlIiwidGl0bGUiOiJwaWMxMiJ9\"><img decoding=\"async\" width=\"1440\" height=\"810\" src=\"https:\/\/www.bflagro.com\/website\/wp-content\/uploads\/2025\/10\/pic12.jpg\" class=\"attachment-full size-full wp-image-5770\" alt=\"\" loading=\"lazy\" srcset=\"https:\/\/www.bflagro.com\/website\/wp-content\/uploads\/2025\/10\/pic12.jpg 1440w, https:\/\/www.bflagro.com\/website\/wp-content\/uploads\/2025\/10\/pic12-300x169.jpg 300w, https:\/\/www.bflagro.com\/website\/wp-content\/uploads\/2025\/10\/pic12-1024x576.jpg 1024w, https:\/\/www.bflagro.com\/website\/wp-content\/uploads\/2025\/10\/pic12-768x432.jpg 768w, https:\/\/www.bflagro.com\/website\/wp-content\/uploads\/2025\/10\/pic12-18x10.jpg 18w\" sizes=\"(max-width: 1440px) 100vw, 1440px\" \/><\/a><\/figure><div class=\"elementor-image-box-content\"><h3 class=\"elementor-image-box-title\"><a href=\"#elementor-action%3Aaction%3Dlightbox%26settings%3DeyJ1cmwiOiJodHRwczpcL1wvd3d3LmJmbGFncm8uY29tXC93ZWJzaXRlXC93cC1jb250ZW50XC91cGxvYWRzXC8yMDI1XC8xMFwvcGljMTIuanBnIiwidHlwZSI6ImltYWdlIiwidGl0bGUiOiJwaWMxMiJ9\">Feed Mill<\/a><\/h3><p class=\"elementor-image-box-description\">4000 tons\/month<\/p><\/div><\/div>\t\t<\/div>\n\t\t\t\t<\/div>\n\t\t\t\t\t<\/div>\n\t\t<\/div>\n\t\t\t\t<div class=\"elementor-column elementor-col-50 elementor-inner-column elementor-element elementor-element-7acb5df\" data-id=\"7acb5df\" data-element_type=\"column\">\n\t\t\t<div class=\"elementor-widget-wrap elementor-element-populated\">\n\t\t\t\t\t\t\t\t<div class=\"elementor-element elementor-element-b55eae9 elementor-position-top dce_masking-none elementor-vertical-align-top elementor-widget elementor-widget-image-box\" data-id=\"b55eae9\" data-element_type=\"widget\" data-widget_type=\"image-box.default\">\n\t\t\t\t<div class=\"elementor-widget-container\">\n\t\t\t<div class=\"elementor-image-box-wrapper\"><figure class=\"elementor-image-box-img\"><a href=\"#elementor-action%3Aaction%3Dlightbox%26settings%3DeyJ1cmwiOiJodHRwczpcL1wvd3d3LmJmbGFncm8uY29tXC93ZWJzaXRlXC93cC1jb250ZW50XC91cGxvYWRzXC8yMDI1XC8xMFwvcGljNC5qcGciLCJ0eXBlIjoiaW1hZ2UiLCJ0aXRsZSI6InBpYzQifQ%3D%3D\"><img decoding=\"async\" width=\"1440\" height=\"810\" src=\"https:\/\/www.bflagro.com\/website\/wp-content\/uploads\/2025\/10\/pic4.jpg\" class=\"attachment-full size-full wp-image-5776\" alt=\"\" loading=\"lazy\" srcset=\"https:\/\/www.bflagro.com\/website\/wp-content\/uploads\/2025\/10\/pic4.jpg 1440w, https:\/\/www.bflagro.com\/website\/wp-content\/uploads\/2025\/10\/pic4-300x169.jpg 300w, https:\/\/www.bflagro.com\/website\/wp-content\/uploads\/2025\/10\/pic4-1024x576.jpg 1024w, https:\/\/www.bflagro.com\/website\/wp-content\/uploads\/2025\/10\/pic4-768x432.jpg 768w, https:\/\/www.bflagro.com\/website\/wp-content\/uploads\/2025\/10\/pic4-18x10.jpg 18w\" sizes=\"(max-width: 1440px) 100vw, 1440px\" \/><\/a><\/figure><div class=\"elementor-image-box-content\"><h3 class=\"elementor-image-box-title\"><a href=\"#elementor-action%3Aaction%3Dlightbox%26settings%3DeyJ1cmwiOiJodHRwczpcL1wvd3d3LmJmbGFncm8uY29tXC93ZWJzaXRlXC93cC1jb250ZW50XC91cGxvYWRzXC8yMDI1XC8xMFwvcGljNC5qcGciLCJ0eXBlIjoiaW1hZ2UiLCJ0aXRsZSI6InBpYzQifQ%3D%3D\">Storage Capacity<\/a><\/h3><p class=\"elementor-image-box-description\">5 million liters of oils<\/p><\/div><\/div>\t\t<\/div>\n\t\t\t\t<\/div>\n\t\t\t\t\t<\/div>\n\t\t<\/div>\n\t\t\t\t\t\t\t<\/div>\n\t\t<\/section>\n\t\t\t\t<section class=\"elementor-section elementor-inner-section elementor-element elementor-element-528952a elementor-section-boxed elementor-section-height-default elementor-section-height-default\" data-id=\"528952a\" data-element_type=\"section\" data-settings=\"{&quot;_ha_eqh_enable&quot;:&quot;yes&quot;,&quot;_ha_eqh_widget&quot;:[&quot;icon-box&quot;],&quot;_ha_eqh_disable_on_tablet&quot;:&quot;yes&quot;,&quot;_ha_eqh_to&quot;:&quot;widget&quot;,&quot;_ha_eqh_disable_on_mobile&quot;:&quot;yes&quot;}\">\n\t\t\t\t\t\t<div class=\"elementor-container elementor-column-gap-default\">\n\t\t\t\t\t<div class=\"elementor-column elementor-col-50 elementor-inner-column elementor-element elementor-element-5b12271\" data-id=\"5b12271\" data-element_type=\"column\">\n\t\t\t<div class=\"elementor-widget-wrap elementor-element-populated\">\n\t\t\t\t\t\t\t\t<div class=\"elementor-element elementor-element-d80d8ba elementor-position-top dce_masking-none elementor-vertical-align-top elementor-widget elementor-widget-image-box\" data-id=\"d80d8ba\" data-element_type=\"widget\" data-widget_type=\"image-box.default\">\n\t\t\t\t<div class=\"elementor-widget-container\">\n\t\t\t<div class=\"elementor-image-box-wrapper\"><figure class=\"elementor-image-box-img\"><a href=\"#elementor-action%3Aaction%3Dlightbox%26settings%3DeyJ1cmwiOiJodHRwczpcL1wvd3d3LmJmbGFncm8uY29tXC93ZWJzaXRlXC93cC1jb250ZW50XC91cGxvYWRzXC8yMDI1XC8xMFwvcGljMTQtMS5qcGciLCJ0eXBlIjoiaW1hZ2UiLCJ0aXRsZSI6InBpYzE0LTEifQ%3D%3D\"><img decoding=\"async\" width=\"1080\" height=\"602\" src=\"https:\/\/www.bflagro.com\/website\/wp-content\/uploads\/2025\/10\/descarga_bfl.jpeg\" class=\"attachment-full size-full wp-image-5944\" alt=\"\" loading=\"lazy\" srcset=\"https:\/\/www.bflagro.com\/website\/wp-content\/uploads\/2025\/10\/descarga_bfl.jpeg 1080w, https:\/\/www.bflagro.com\/website\/wp-content\/uploads\/2025\/10\/descarga_bfl-300x167.jpeg 300w, https:\/\/www.bflagro.com\/website\/wp-content\/uploads\/2025\/10\/descarga_bfl-1024x571.jpeg 1024w, https:\/\/www.bflagro.com\/website\/wp-content\/uploads\/2025\/10\/descarga_bfl-768x428.jpeg 768w, https:\/\/www.bflagro.com\/website\/wp-content\/uploads\/2025\/10\/descarga_bfl-18x10.jpeg 18w\" sizes=\"(max-width: 1080px) 100vw, 1080px\" \/><\/a><\/figure><div class=\"elementor-image-box-content\"><h3 class=\"elementor-image-box-title\"><a href=\"#elementor-action%3Aaction%3Dlightbox%26settings%3DeyJ1cmwiOiJodHRwczpcL1wvd3d3LmJmbGFncm8uY29tXC93ZWJzaXRlXC93cC1jb250ZW50XC91cGxvYWRzXC8yMDI1XC8xMFwvcGljMTQtMS5qcGciLCJ0eXBlIjoiaW1hZ2UiLCJ0aXRsZSI6InBpYzE0LTEifQ%3D%3D\">Grain Receiving<\/a><\/h3><p class=\"elementor-image-box-description\">Unit can unload 20,000 bags\/day\n<\/p><\/div><\/div>\t\t<\/div>\n\t\t\t\t<\/div>\n\t\t\t\t\t<\/div>\n\t\t<\/div>\n\t\t\t\t<div class=\"elementor-column elementor-col-50 elementor-inner-column elementor-element elementor-element-9e03343\" data-id=\"9e03343\" data-element_type=\"column\">\n\t\t\t<div class=\"elementor-widget-wrap elementor-element-populated\">\n\t\t\t\t\t\t\t\t<div class=\"elementor-element elementor-element-9e54b7b elementor-position-top dce_masking-none elementor-vertical-align-top elementor-widget elementor-widget-image-box\" data-id=\"9e54b7b\" data-element_type=\"widget\" data-widget_type=\"image-box.default\">\n\t\t\t\t<div class=\"elementor-widget-container\">\n\t\t\t<div class=\"elementor-image-box-wrapper\"><figure class=\"elementor-image-box-img\"><a href=\"#elementor-action%3Aaction%3Dlightbox%26settings%3DeyJ1cmwiOiJodHRwczpcL1wvd3d3LmJmbGFncm8uY29tXC93ZWJzaXRlXC93cC1jb250ZW50XC91cGxvYWRzXC8yMDI1XC8xMFwvcGljMTUtMS5qcGciLCJ0eXBlIjoiaW1hZ2UiLCJ0aXRsZSI6InBpYzE1LTEifQ%3D%3D\"><img decoding=\"async\" width=\"1440\" height=\"810\" src=\"https:\/\/www.bflagro.com\/website\/wp-content\/uploads\/2025\/10\/pic15-1.jpg\" class=\"attachment-full size-full wp-image-5808\" alt=\"\" loading=\"lazy\" srcset=\"https:\/\/www.bflagro.com\/website\/wp-content\/uploads\/2025\/10\/pic15-1.jpg 1440w, https:\/\/www.bflagro.com\/website\/wp-content\/uploads\/2025\/10\/pic15-1-300x169.jpg 300w, https:\/\/www.bflagro.com\/website\/wp-content\/uploads\/2025\/10\/pic15-1-1024x576.jpg 1024w, https:\/\/www.bflagro.com\/website\/wp-content\/uploads\/2025\/10\/pic15-1-768x432.jpg 768w, https:\/\/www.bflagro.com\/website\/wp-content\/uploads\/2025\/10\/pic15-1-18x10.jpg 18w\" sizes=\"(max-width: 1440px) 100vw, 1440px\" \/><\/a><\/figure><div class=\"elementor-image-box-content\"><h3 class=\"elementor-image-box-title\"><a href=\"#elementor-action%3Aaction%3Dlightbox%26settings%3DeyJ1cmwiOiJodHRwczpcL1wvd3d3LmJmbGFncm8uY29tXC93ZWJzaXRlXC93cC1jb250ZW50XC91cGxvYWRzXC8yMDI1XC8xMFwvcGljMTUtMS5qcGciLCJ0eXBlIjoiaW1hZ2UiLCJ0aXRsZSI6InBpYzE1LTEifQ%3D%3D\">Static Capacity<\/a><\/h3><p class=\"elementor-image-box-description\">36,000 tons for grains \/ 5,000 tons for meal<\/p><\/div><\/div>\t\t<\/div>\n\t\t\t\t<\/div>\n\t\t\t\t\t<\/div>\n\t\t<\/div>\n\t\t\t\t\t\t\t<\/div>\n\t\t<\/section>\n\t\t\t\t\t<\/div>\n\t\t<\/div>\n\t\t\t\t\t\t\t<\/div>\n\t\t<\/section>\n\t\t\t\t\t<\/div>\n\t\t<\/div>\n\t\t\t\t\t\t\t<\/div>\n\t\t<\/section>\n\t\t\t\t\t\t\t<\/div>","protected":false},"excerpt":{"rendered":"<p>Investimento Cont\u00ednuo Estrutura F\u00e1brica de Esmagamento 600 tons\/dia Soja ou 300 tons\/dia Canola Refinaria 100 tons\/dia F\u00e1brica de Ra\u00e7\u00f5es 4000 tons\/m\u00eas Capacidade Armazenagem 5 milh\u00f4es de litros de \u00f3leos Recebimento de Gr\u00e3os Unidade pode descarregar 20.000 sacos\/dia Capacidade Est\u00e1tica 36.000 toneladas para gr\u00e3os \/ 5.000 toneladas para farelos<\/p>","protected":false},"author":2,"featured_media":0,"parent":0,"menu_order":0,"comment_status":"closed","ping_status":"closed","template":"","meta":{"site-sidebar-layout":"no-sidebar","site-content-layout":"page-builder","ast-global-header-display":"","ast-main-header-display":"","ast-hfb-above-header-display":"","ast-hfb-below-header-display":"","ast-hfb-mobile-header-display":"","site-post-title":"disabled","ast-breadcrumbs-content":"","ast-featured-img":"disabled","footer-sml-layout":"disabled","theme-transparent-header-meta":"default","adv-header-id-meta":"","stick-header-meta":"","header-above-stick-meta":"","header-main-stick-meta":"","header-below-stick-meta":""},"_links":{"self":[{"href":"https:\/\/www.bflagro.com\/website\/en\/wp-json\/wp\/v2\/pages\/3874"}],"collection":[{"href":"https:\/\/www.bflagro.com\/website\/en\/wp-json\/wp\/v2\/pages"}],"about":[{"href":"https:\/\/www.bflagro.com\/website\/en\/wp-json\/wp\/v2\/types\/page"}],"author":[{"embeddable":true,"href":"https:\/\/www.bflagro.com\/website\/en\/wp-json\/wp\/v2\/users\/2"}],"replies":[{"embeddable":true,"href":"https:\/\/www.bflagro.com\/website\/en\/wp-json\/wp\/v2\/comments?post=3874"}],"version-history":[{"count":83,"href":"https:\/\/www.bflagro.com\/website\/en\/wp-json\/wp\/v2\/pages\/3874\/revisions"}],"predecessor-version":[{"id":5947,"href":"https:\/\/www.bflagro.com\/website\/en\/wp-json\/wp\/v2\/pages\/3874\/revisions\/5947"}],"wp:attachment":[{"href":"https:\/\/www.bflagro.com\/website\/en\/wp-json\/wp\/v2\/media?parent=3874"}],"curies":[{"name":"wp","href":"https:\/\/api.w.org\/{rel}","templated":true}]}}